{"id":574,"date":"2025-03-22T14:30:24","date_gmt":"2025-03-22T14:30:24","guid":{"rendered":"https:\/\/pucapress.com\/?page_id=574"},"modified":"2025-03-22T14:30:24","modified_gmt":"2025-03-22T14:30:24","slug":"ich-cha-noed-laese-nume-schriibe","status":"publish","type":"page","link":"https:\/\/pucapress.com\/?page_id=574","title":{"rendered":"Ich cha n\u00f6d l\u00e4se, nume schriibe"},"content":{"rendered":"\n<div class=\"wp-block-media-text is-stacked-on-mobile\" style=\"grid-template-columns:15% auto\"><figure class=\"wp-block-media-text__media\"><img loading=\"lazy\" decoding=\"async\" width=\"142\" height=\"151\" src=\"https:\/\/pucapress.com\/wp-content\/uploads\/2025\/03\/ziumschlag.jpeg\" alt=\"\" class=\"wp-image-575 size-full\"\/><\/figure><div class=\"wp-block-media-text__content\">\n<p><strong>Ich cha n\u00f6d l\u00e4se, nume schribe<\/strong><br>Sammlung von Kinderspr\u00fcchen<br>Mundart<br>Illustration &amp; Layout: Dominique Lieb<br>Digital Print, NZZ<br>2003 Z\u00fcrich \/ Schweiz<\/p>\n<\/div><\/div>\n\n\n\n<figure class=\"wp-block-image size-full\"><img loading=\"lazy\" decoding=\"async\" width=\"164\" height=\"170\" src=\"https:\/\/pucapress.com\/wp-content\/uploads\/2025\/03\/zimond.jpg\" alt=\"\" class=\"wp-image-576\"\/><\/figure>\n\n\n\n<figure class=\"wp-block-image size-full\"><img loading=\"lazy\" decoding=\"async\" width=\"164\" height=\"170\" src=\"https:\/\/pucapress.com\/wp-content\/uploads\/2025\/03\/zisune.jpg\" alt=\"\" class=\"wp-image-577\"\/><\/figure>\n\n\n\n<figure class=\"wp-block-image size-full\"><img loading=\"lazy\" decoding=\"async\" width=\"163\" height=\"169\" src=\"https:\/\/pucapress.com\/wp-content\/uploads\/2025\/03\/ziliecht.jpg\" alt=\"\" class=\"wp-image-578\"\/><\/figure>\n\n\n\n<figure class=\"wp-block-image size-full\"><img loading=\"lazy\" decoding=\"async\" width=\"161\" height=\"170\" src=\"https:\/\/pucapress.com\/wp-content\/uploads\/2025\/03\/zigurke.jpeg\" alt=\"\" class=\"wp-image-579\"\/><\/figure>\n","protected":false},"excerpt":{"rendered":"<p>Ich cha n\u00f6d l\u00e4se, nume schribeSammlung von Kinderspr\u00fcchenMundartIllustration &amp; Layout: Dominique LiebDigital Print, NZZ2003 Z\u00fcrich \/ Schweiz<\/p>\n","protected":false},"author":1,"featured_media":0,"parent":0,"menu_order":0,"comment_status":"closed","ping_status":"closed","template":"","meta":{"site-sidebar-layout":"default","site-content-layout":"","ast-site-content-layout":"","site-content-style":"default","site-sidebar-style":"default","ast-global-header-display":"","ast-banner-title-visibility":"","ast-main-header-display":"","ast-hfb-above-header-display":"","ast-hfb-below-header-display":"","ast-hfb-mobile-header-display":"","site-post-title":"","ast-breadcrumbs-content":"","ast-featured-img":"","footer-sml-layout":"","theme-transparent-header-meta":"","adv-header-id-meta":"","stick-header-meta":"","header-above-stick-meta":"","header-main-stick-meta":"","header-below-stick-meta":"","astra-migrate-meta-layouts":"default","ast-page-background-enabled":"default","ast-page-background-meta":{"desktop":{"background-color":"var(--ast-global-color-4)","background-image":"","background-repeat":"repeat","background-position":"center center","background-size":"auto","background-attachment":"scroll","background-type":"","background-media":"","overlay-type":"","overlay-color":"","overlay-opacity":"","overlay-gradient":""},"tablet":{"background-color":"","background-image":"","background-repeat":"repeat","background-position":"center center","background-size":"auto","background-attachment":"scroll","background-type":"","background-media":"","overlay-type":"","overlay-color":"","overlay-opacity":"","overlay-gradient":""},"mobile":{"background-color":"","background-image":"","background-repeat":"repeat","background-position":"center center","background-size":"auto","background-attachment":"scroll","background-type":"","background-media":"","overlay-type":"","overlay-color":"","overlay-opacity":"","overlay-gradient":""}},"ast-content-background-meta":{"desktop":{"background-color":"var(--ast-global-color-5)","background-image":"","background-repeat":"repeat","background-position":"center center","background-size":"auto","background-attachment":"scroll","background-type":"","background-media":"","overlay-type":"","overlay-color":"","overlay-opacity":"","overlay-gradient":""},"tablet":{"background-color":"var(--ast-global-color-5)","background-image":"","background-repeat":"repeat","background-position":"center center","background-size":"auto","background-attachment":"scroll","background-type":"","background-media":"","overlay-type":"","overlay-color":"","overlay-opacity":"","overlay-gradient":""},"mobile":{"background-color":"var(--ast-global-color-5)","background-image":"","background-repeat":"repeat","background-position":"center center","background-size":"auto","background-attachment":"scroll","background-type":"","background-media":"","overlay-type":"","overlay-color":"","overlay-opacity":"","overlay-gradient":""}},"footnotes":""},"class_list":["post-574","page","type-page","status-publish","hentry"],"_links":{"self":[{"href":"https:\/\/pucapress.com\/index.php?rest_route=\/wp\/v2\/pages\/574","targetHints":{"allow":["GET"]}}],"collection":[{"href":"https:\/\/pucapress.com\/index.php?rest_route=\/wp\/v2\/pages"}],"about":[{"href":"https:\/\/pucapress.com\/index.php?rest_route=\/wp\/v2\/types\/page"}],"author":[{"embeddable":true,"href":"https:\/\/pucapress.com\/index.php?rest_route=\/wp\/v2\/users\/1"}],"replies":[{"embeddable":true,"href":"https:\/\/pucapress.com\/index.php?rest_route=%2Fwp%2Fv2%2Fcomments&post=574"}],"version-history":[{"count":1,"href":"https:\/\/pucapress.com\/index.php?rest_route=\/wp\/v2\/pages\/574\/revisions"}],"predecessor-version":[{"id":580,"href":"https:\/\/pucapress.com\/index.php?rest_route=\/wp\/v2\/pages\/574\/revisions\/580"}],"wp:attachment":[{"href":"https:\/\/pucapress.com\/index.php?rest_route=%2Fwp%2Fv2%2Fmedia&parent=574"}],"curies":[{"name":"wp","href":"https:\/\/api.w.org\/{rel}","templated":true}]}}