{"id":536,"date":"2025-03-22T13:26:06","date_gmt":"2025-03-22T13:26:06","guid":{"rendered":"https:\/\/pucapress.com\/?page_id=536"},"modified":"2025-03-22T13:26:06","modified_gmt":"2025-03-22T13:26:06","slug":"stone-chat-allagar-na-gcloch","status":"publish","type":"page","link":"https:\/\/pucapress.com\/?page_id=536","title":{"rendered":"Stone Chat &#8211; Allagar na gCloch"},"content":{"rendered":"\n<div class=\"wp-block-media-text is-stacked-on-mobile\" style=\"grid-template-columns:29% auto\"><figure class=\"wp-block-media-text__media\"><img loading=\"lazy\" decoding=\"async\" width=\"640\" height=\"580\" src=\"https:\/\/pucapress.com\/wp-content\/uploads\/2025\/03\/IMG_4400.jpg\" alt=\"\" class=\"wp-image-537 size-full\" srcset=\"https:\/\/pucapress.com\/wp-content\/uploads\/2025\/03\/IMG_4400.jpg 640w, https:\/\/pucapress.com\/wp-content\/uploads\/2025\/03\/IMG_4400-300x272.jpg 300w\" sizes=\"auto, (max-width: 640px) 100vw, 640px\" \/><\/figure><div class=\"wp-block-media-text__content\">\n<p><strong>Stone Chat &#8211; Allagar na gCloch 1\u00f9 &#8211; <\/strong>Letterpress, 2006<strong><br>Stonde Chaat &#8211; Allagar na gCloch 2\u00fa &#8211; <\/strong>Offset, 2007<br>T\u00e9acs Gaeilge: Domhnall Mac S\u00edthigh<br>English Translation: Caitriona N\u00ed Chathail<br>40 Images: Dominique Lieb<br>Layout &amp; Letterpress: Dominique Lieb<br>Handbound: Sandra Landers<br>Letterpress, 500 copies \/ sold out<br>Offset, 2000 copies \/ sold out<br>Dingle \/ Ireland<\/p>\n<\/div><\/div>\n\n\n\n<figure class=\"wp-block-image size-full\"><img loading=\"lazy\" decoding=\"async\" width=\"640\" height=\"509\" src=\"https:\/\/pucapress.com\/wp-content\/uploads\/2025\/03\/IMG_4412-1.jpg\" alt=\"\" class=\"wp-image-540\" srcset=\"https:\/\/pucapress.com\/wp-content\/uploads\/2025\/03\/IMG_4412-1.jpg 640w, https:\/\/pucapress.com\/wp-content\/uploads\/2025\/03\/IMG_4412-1-300x239.jpg 300w\" sizes=\"auto, (max-width: 640px) 100vw, 640px\" \/><\/figure>\n\n\n\n<figure class=\"wp-block-image size-full\"><img loading=\"lazy\" decoding=\"async\" width=\"640\" height=\"519\" src=\"https:\/\/pucapress.com\/wp-content\/uploads\/2025\/03\/IMG_4408-3.jpg\" alt=\"\" class=\"wp-image-543\" srcset=\"https:\/\/pucapress.com\/wp-content\/uploads\/2025\/03\/IMG_4408-3.jpg 640w, https:\/\/pucapress.com\/wp-content\/uploads\/2025\/03\/IMG_4408-3-300x243.jpg 300w\" sizes=\"auto, (max-width: 640px) 100vw, 640px\" \/><\/figure>\n\n\n\n<figure class=\"wp-block-image size-full\"><img loading=\"lazy\" decoding=\"async\" width=\"640\" height=\"496\" src=\"https:\/\/pucapress.com\/wp-content\/uploads\/2025\/03\/IMG_4411.jpg\" alt=\"\" class=\"wp-image-544\" srcset=\"https:\/\/pucapress.com\/wp-content\/uploads\/2025\/03\/IMG_4411.jpg 640w, https:\/\/pucapress.com\/wp-content\/uploads\/2025\/03\/IMG_4411-300x233.jpg 300w\" sizes=\"auto, (max-width: 640px) 100vw, 640px\" \/><\/figure>\n\n\n\n<figure class=\"wp-block-image size-full\"><img loading=\"lazy\" decoding=\"async\" width=\"640\" height=\"508\" src=\"https:\/\/pucapress.com\/wp-content\/uploads\/2025\/03\/IMG_4409.jpg\" alt=\"\" class=\"wp-image-545\" srcset=\"https:\/\/pucapress.com\/wp-content\/uploads\/2025\/03\/IMG_4409.jpg 640w, https:\/\/pucapress.com\/wp-content\/uploads\/2025\/03\/IMG_4409-300x238.jpg 300w\" sizes=\"auto, (max-width: 640px) 100vw, 640px\" \/><\/figure>\n","protected":false},"excerpt":{"rendered":"<p>Stone Chat &#8211; Allagar na gCloch 1\u00f9 &#8211; Letterpress, 2006Stonde Chaat &#8211; Allagar na gCloch 2\u00fa &#8211; Offset, 2007T\u00e9acs Gaeilge: [&hellip;]<\/p>\n","protected":false},"author":1,"featured_media":0,"parent":0,"menu_order":0,"comment_status":"closed","ping_status":"closed","template":"","meta":{"site-sidebar-layout":"default","site-content-layout":"","ast-site-content-layout":"","site-content-style":"default","site-sidebar-style":"default","ast-global-header-display":"","ast-banner-title-visibility":"","ast-main-header-display":"","ast-hfb-above-header-display":"","ast-hfb-below-header-display":"","ast-hfb-mobile-header-display":"","site-post-title":"","ast-breadcrumbs-content":"","ast-featured-img":"","footer-sml-layout":"","theme-transparent-header-meta":"","adv-header-id-meta":"","stick-header-meta":"","header-above-stick-meta":"","header-main-stick-meta":"","header-below-stick-meta":"","astra-migrate-meta-layouts":"default","ast-page-background-enabled":"default","ast-page-background-meta":{"desktop":{"background-color":"var(--ast-global-color-4)","background-image":"","background-repeat":"repeat","background-position":"center center","background-size":"auto","background-attachment":"scroll","background-type":"","background-media":"","overlay-type":"","overlay-color":"","overlay-opacity":"","overlay-gradient":""},"tablet":{"background-color":"","background-image":"","background-repeat":"repeat","background-position":"center center","background-size":"auto","background-attachment":"scroll","background-type":"","background-media":"","overlay-type":"","overlay-color":"","overlay-opacity":"","overlay-gradient":""},"mobile":{"background-color":"","background-image":"","background-repeat":"repeat","background-position":"center center","background-size":"auto","background-attachment":"scroll","background-type":"","background-media":"","overlay-type":"","overlay-color":"","overlay-opacity":"","overlay-gradient":""}},"ast-content-background-meta":{"desktop":{"background-color":"var(--ast-global-color-5)","background-image":"","background-repeat":"repeat","background-position":"center center","background-size":"auto","background-attachment":"scroll","background-type":"","background-media":"","overlay-type":"","overlay-color":"","overlay-opacity":"","overlay-gradient":""},"tablet":{"background-color":"var(--ast-global-color-5)","background-image":"","background-repeat":"repeat","background-position":"center center","background-size":"auto","background-attachment":"scroll","background-type":"","background-media":"","overlay-type":"","overlay-color":"","overlay-opacity":"","overlay-gradient":""},"mobile":{"background-color":"var(--ast-global-color-5)","background-image":"","background-repeat":"repeat","background-position":"center center","background-size":"auto","background-attachment":"scroll","background-type":"","background-media":"","overlay-type":"","overlay-color":"","overlay-opacity":"","overlay-gradient":""}},"footnotes":""},"class_list":["post-536","page","type-page","status-publish","hentry"],"_links":{"self":[{"href":"https:\/\/pucapress.com\/index.php?rest_route=\/wp\/v2\/pages\/536","targetHints":{"allow":["GET"]}}],"collection":[{"href":"https:\/\/pucapress.com\/index.php?rest_route=\/wp\/v2\/pages"}],"about":[{"href":"https:\/\/pucapress.com\/index.php?rest_route=\/wp\/v2\/types\/page"}],"author":[{"embeddable":true,"href":"https:\/\/pucapress.com\/index.php?rest_route=\/wp\/v2\/users\/1"}],"replies":[{"embeddable":true,"href":"https:\/\/pucapress.com\/index.php?rest_route=%2Fwp%2Fv2%2Fcomments&post=536"}],"version-history":[{"count":1,"href":"https:\/\/pucapress.com\/index.php?rest_route=\/wp\/v2\/pages\/536\/revisions"}],"predecessor-version":[{"id":546,"href":"https:\/\/pucapress.com\/index.php?rest_route=\/wp\/v2\/pages\/536\/revisions\/546"}],"wp:attachment":[{"href":"https:\/\/pucapress.com\/index.php?rest_route=%2Fwp%2Fv2%2Fmedia&parent=536"}],"curies":[{"name":"wp","href":"https:\/\/api.w.org\/{rel}","templated":true}]}}