{"id":525,"date":"2025-03-22T12:55:04","date_gmt":"2025-03-22T12:55:04","guid":{"rendered":"https:\/\/pucapress.com\/?page_id=525"},"modified":"2025-03-23T10:01:10","modified_gmt":"2025-03-23T10:01:10","slug":"kleines-linien-knotenvokabular","status":"publish","type":"page","link":"https:\/\/pucapress.com\/?page_id=525","title":{"rendered":"Kleines Linien- &amp; Knotenvokabular"},"content":{"rendered":"\n<div class=\"wp-block-media-text is-stacked-on-mobile\" style=\"grid-template-columns:17% auto\"><figure class=\"wp-block-media-text__media\"><img loading=\"lazy\" decoding=\"async\" width=\"300\" height=\"425\" src=\"https:\/\/pucapress.com\/wp-content\/uploads\/2025\/03\/snmtitel.jpeg\" alt=\"\" class=\"wp-image-526 size-full\" srcset=\"https:\/\/pucapress.com\/wp-content\/uploads\/2025\/03\/snmtitel.jpeg 300w, https:\/\/pucapress.com\/wp-content\/uploads\/2025\/03\/snmtitel-212x300.jpeg 212w\" sizes=\"auto, (max-width: 300px) 100vw, 300px\" \/><\/figure><div class=\"wp-block-media-text__content\">\n<p><strong>Focl\u00f3ir\u00edn L\u00ednte &amp; Snaidhmeanna<\/strong><br><strong>Kleines Linien- und Knotenvokabular<\/strong><br>Text, Lino- and Letterblockprints<br>by 19 local &amp; foreign Artists<br>in English \/ Irish \/ German<br>Layout &amp; Letterpress: Dominique Lieb<br>Handbound: Hubert Bookbinding, Cork<br>66 pages \/ 340 copies \/ \u20ac200 plus p&amp;p<br>2009 Dingle \/ Ireland<br><\/p>\n<\/div><\/div>\n\n\n\n<figure class=\"wp-block-image size-full is-resized\"><img loading=\"lazy\" decoding=\"async\" width=\"640\" height=\"486\" src=\"https:\/\/pucapress.com\/wp-content\/uploads\/2025\/03\/IMG_4399-2.jpg\" alt=\"\" class=\"wp-image-696\" style=\"width:410px;height:auto\" srcset=\"https:\/\/pucapress.com\/wp-content\/uploads\/2025\/03\/IMG_4399-2.jpg 640w, https:\/\/pucapress.com\/wp-content\/uploads\/2025\/03\/IMG_4399-2-300x228.jpg 300w\" sizes=\"auto, (max-width: 640px) 100vw, 640px\" \/><\/figure>\n\n\n\n<figure class=\"wp-block-image size-full is-resized\"><img loading=\"lazy\" decoding=\"async\" width=\"640\" height=\"480\" src=\"https:\/\/pucapress.com\/wp-content\/uploads\/2025\/03\/IMG_4398-4.jpg\" alt=\"\" class=\"wp-image-698\" style=\"width:410px;height:auto\" srcset=\"https:\/\/pucapress.com\/wp-content\/uploads\/2025\/03\/IMG_4398-4.jpg 640w, https:\/\/pucapress.com\/wp-content\/uploads\/2025\/03\/IMG_4398-4-300x225.jpg 300w\" sizes=\"auto, (max-width: 640px) 100vw, 640px\" \/><\/figure>\n\n\n\n<figure class=\"wp-block-image size-full is-resized\"><img loading=\"lazy\" decoding=\"async\" width=\"164\" height=\"283\" src=\"https:\/\/pucapress.com\/wp-content\/uploads\/2025\/03\/kid-1.jpg\" alt=\"\" class=\"wp-image-652\" style=\"width:211px;height:auto\"\/><\/figure>\n\n\n\n<figure class=\"wp-block-image size-full\"><img loading=\"lazy\" decoding=\"async\" width=\"210\" height=\"295\" src=\"https:\/\/pucapress.com\/wp-content\/uploads\/2025\/03\/setdance.jpg\" alt=\"\" class=\"wp-image-693\"\/><\/figure>\n\n\n\n<p><\/p>\n","protected":false},"excerpt":{"rendered":"<p>Focl\u00f3ir\u00edn L\u00ednte &amp; SnaidhmeannaKleines Linien- und KnotenvokabularText, Lino- and Letterblockprintsby 19 local &amp; foreign Artistsin English \/ Irish \/ GermanLayout [&hellip;]<\/p>\n","protected":false},"author":1,"featured_media":0,"parent":0,"menu_order":0,"comment_status":"closed","ping_status":"closed","template":"","meta":{"site-sidebar-layout":"default","site-content-layout":"","ast-site-content-layout":"","site-content-style":"default","site-sidebar-style":"default","ast-global-header-display":"","ast-banner-title-visibility":"","ast-main-header-display":"","ast-hfb-above-header-display":"","ast-hfb-below-header-display":"","ast-hfb-mobile-header-display":"","site-post-title":"","ast-breadcrumbs-content":"","ast-featured-img":"","footer-sml-layout":"","theme-transparent-header-meta":"","adv-header-id-meta":"","stick-header-meta":"","header-above-stick-meta":"","header-main-stick-meta":"","header-below-stick-meta":"","astra-migrate-meta-layouts":"default","ast-page-background-enabled":"default","ast-page-background-meta":{"desktop":{"background-color":"var(--ast-global-color-4)","background-image":"","background-repeat":"repeat","background-position":"center center","background-size":"auto","background-attachment":"scroll","background-type":"","background-media":"","overlay-type":"","overlay-color":"","overlay-opacity":"","overlay-gradient":""},"tablet":{"background-color":"","background-image":"","background-repeat":"repeat","background-position":"center center","background-size":"auto","background-attachment":"scroll","background-type":"","background-media":"","overlay-type":"","overlay-color":"","overlay-opacity":"","overlay-gradient":""},"mobile":{"background-color":"","background-image":"","background-repeat":"repeat","background-position":"center center","background-size":"auto","background-attachment":"scroll","background-type":"","background-media":"","overlay-type":"","overlay-color":"","overlay-opacity":"","overlay-gradient":""}},"ast-content-background-meta":{"desktop":{"background-color":"var(--ast-global-color-5)","background-image":"","background-repeat":"repeat","background-position":"center center","background-size":"auto","background-attachment":"scroll","background-type":"","background-media":"","overlay-type":"","overlay-color":"","overlay-opacity":"","overlay-gradient":""},"tablet":{"background-color":"var(--ast-global-color-5)","background-image":"","background-repeat":"repeat","background-position":"center center","background-size":"auto","background-attachment":"scroll","background-type":"","background-media":"","overlay-type":"","overlay-color":"","overlay-opacity":"","overlay-gradient":""},"mobile":{"background-color":"var(--ast-global-color-5)","background-image":"","background-repeat":"repeat","background-position":"center center","background-size":"auto","background-attachment":"scroll","background-type":"","background-media":"","overlay-type":"","overlay-color":"","overlay-opacity":"","overlay-gradient":""}},"footnotes":""},"class_list":["post-525","page","type-page","status-publish","hentry"],"_links":{"self":[{"href":"https:\/\/pucapress.com\/index.php?rest_route=\/wp\/v2\/pages\/525","targetHints":{"allow":["GET"]}}],"collection":[{"href":"https:\/\/pucapress.com\/index.php?rest_route=\/wp\/v2\/pages"}],"about":[{"href":"https:\/\/pucapress.com\/index.php?rest_route=\/wp\/v2\/types\/page"}],"author":[{"embeddable":true,"href":"https:\/\/pucapress.com\/index.php?rest_route=\/wp\/v2\/users\/1"}],"replies":[{"embeddable":true,"href":"https:\/\/pucapress.com\/index.php?rest_route=%2Fwp%2Fv2%2Fcomments&post=525"}],"version-history":[{"count":10,"href":"https:\/\/pucapress.com\/index.php?rest_route=\/wp\/v2\/pages\/525\/revisions"}],"predecessor-version":[{"id":699,"href":"https:\/\/pucapress.com\/index.php?rest_route=\/wp\/v2\/pages\/525\/revisions\/699"}],"wp:attachment":[{"href":"https:\/\/pucapress.com\/index.php?rest_route=%2Fwp%2Fv2%2Fmedia&parent=525"}],"curies":[{"name":"wp","href":"https:\/\/api.w.org\/{rel}","templated":true}]}}