{"id":479,"date":"2025-03-22T11:26:00","date_gmt":"2025-03-22T11:26:00","guid":{"rendered":"https:\/\/pucapress.com\/?page_id=479"},"modified":"2025-03-23T19:11:49","modified_gmt":"2025-03-23T19:11:49","slug":"sligirini","status":"publish","type":"page","link":"https:\/\/pucapress.com\/?page_id=479","title":{"rendered":"Sligir\u00edn\u00ed"},"content":{"rendered":"\n<div class=\"wp-block-media-text is-stacked-on-mobile\" style=\"grid-template-columns:19% auto\"><figure class=\"wp-block-media-text__media\"><img loading=\"lazy\" decoding=\"async\" width=\"372\" height=\"425\" src=\"https:\/\/pucapress.com\/wp-content\/uploads\/2025\/03\/sligirA\u00adnA\u00ad-invit-2.jpeg\" alt=\"\" class=\"wp-image-486 size-full\" srcset=\"https:\/\/pucapress.com\/wp-content\/uploads\/2025\/03\/sligirA\u00adnA\u00ad-invit-2.jpeg 372w, https:\/\/pucapress.com\/wp-content\/uploads\/2025\/03\/sligirA\u00adnA\u00ad-invit-2-263x300.jpeg 263w\" sizes=\"auto, (max-width: 372px) 100vw, 372px\" \/><\/figure><div class=\"wp-block-media-text__content\">\n<p><strong>Sligir\u00edn\u00ed &#8211; Five Essays<\/strong> by Domhnall Mac S\u00edthigh<br>T\u00e9acs Gaeilge: Domhnall Mac S\u00edthigh<br>English Translation: Aog\u00e1n O Muircheartaigh<br>7 Original Linoprints: Dominique Lieb<br>Layout &amp; Letterpress: Dominique Lieb<br>Handbound: Hubert Bookbinding, Cork<br>56 pages \/ 200 copies \/ \u20ac200 plus p&amp;p<br>2013 Dingle \/ Ireland<\/p>\n<\/div><\/div>\n\n\n\n<figure class=\"wp-block-image size-large is-resized\"><img loading=\"lazy\" decoding=\"async\" width=\"1024\" height=\"731\" src=\"https:\/\/pucapress.com\/wp-content\/uploads\/2025\/03\/sligi.inisoirr-1024x731.jpg\" alt=\"\" class=\"wp-image-677\" style=\"width:339px;height:auto\" srcset=\"https:\/\/pucapress.com\/wp-content\/uploads\/2025\/03\/sligi.inisoirr-1024x731.jpg 1024w, https:\/\/pucapress.com\/wp-content\/uploads\/2025\/03\/sligi.inisoirr-300x214.jpg 300w, https:\/\/pucapress.com\/wp-content\/uploads\/2025\/03\/sligi.inisoirr-768x548.jpg 768w, https:\/\/pucapress.com\/wp-content\/uploads\/2025\/03\/sligi.inisoirr-1536x1097.jpg 1536w, https:\/\/pucapress.com\/wp-content\/uploads\/2025\/03\/sligi.inisoirr-2048x1462.jpg 2048w\" sizes=\"auto, (max-width: 1024px) 100vw, 1024px\" \/><\/figure>\n\n\n\n<figure class=\"wp-block-image size-large is-resized\"><img loading=\"lazy\" decoding=\"async\" width=\"1024\" height=\"732\" src=\"https:\/\/pucapress.com\/wp-content\/uploads\/2025\/03\/sligi.paps_-1024x732.jpg\" alt=\"\" class=\"wp-image-678\" style=\"width:339px;height:auto\" srcset=\"https:\/\/pucapress.com\/wp-content\/uploads\/2025\/03\/sligi.paps_-1024x732.jpg 1024w, https:\/\/pucapress.com\/wp-content\/uploads\/2025\/03\/sligi.paps_-300x215.jpg 300w, https:\/\/pucapress.com\/wp-content\/uploads\/2025\/03\/sligi.paps_-768x549.jpg 768w, https:\/\/pucapress.com\/wp-content\/uploads\/2025\/03\/sligi.paps_-1536x1099.jpg 1536w, https:\/\/pucapress.com\/wp-content\/uploads\/2025\/03\/sligi.paps_-2048x1465.jpg 2048w\" sizes=\"auto, (max-width: 1024px) 100vw, 1024px\" \/><\/figure>\n\n\n","protected":false},"excerpt":{"rendered":"<p>Sligir\u00edn\u00ed &#8211; Five Essays by Domhnall Mac S\u00edthighT\u00e9acs Gaeilge: Domhnall Mac S\u00edthighEnglish Translation: Aog\u00e1n O Muircheartaigh7 Original Linoprints: Dominique LiebLayout [&hellip;]<\/p>\n","protected":false},"author":1,"featured_media":0,"parent":0,"menu_order":0,"comment_status":"closed","ping_status":"closed","template":"","meta":{"site-sidebar-layout":"default","site-content-layout":"","ast-site-content-layout":"","site-content-style":"default","site-sidebar-style":"default","ast-global-header-display":"","ast-banner-title-visibility":"","ast-main-header-display":"","ast-hfb-above-header-display":"","ast-hfb-below-header-display":"","ast-hfb-mobile-header-display":"","site-post-title":"","ast-breadcrumbs-content":"","ast-featured-img":"","footer-sml-layout":"","theme-transparent-header-meta":"","adv-header-id-meta":"","stick-header-meta":"","header-above-stick-meta":"","header-main-stick-meta":"","header-below-stick-meta":"","astra-migrate-meta-layouts":"default","ast-page-background-enabled":"default","ast-page-background-meta":{"desktop":{"background-color":"var(--ast-global-color-4)","background-image":"","background-repeat":"repeat","background-position":"center center","background-size":"auto","background-attachment":"scroll","background-type":"","background-media":"","overlay-type":"","overlay-color":"","overlay-opacity":"","overlay-gradient":""},"tablet":{"background-color":"","background-image":"","background-repeat":"repeat","background-position":"center center","background-size":"auto","background-attachment":"scroll","background-type":"","background-media":"","overlay-type":"","overlay-color":"","overlay-opacity":"","overlay-gradient":""},"mobile":{"background-color":"","background-image":"","background-repeat":"repeat","background-position":"center center","background-size":"auto","background-attachment":"scroll","background-type":"","background-media":"","overlay-type":"","overlay-color":"","overlay-opacity":"","overlay-gradient":""}},"ast-content-background-meta":{"desktop":{"background-color":"var(--ast-global-color-5)","background-image":"","background-repeat":"repeat","background-position":"center center","background-size":"auto","background-attachment":"scroll","background-type":"","background-media":"","overlay-type":"","overlay-color":"","overlay-opacity":"","overlay-gradient":""},"tablet":{"background-color":"var(--ast-global-color-5)","background-image":"","background-repeat":"repeat","background-position":"center center","background-size":"auto","background-attachment":"scroll","background-type":"","background-media":"","overlay-type":"","overlay-color":"","overlay-opacity":"","overlay-gradient":""},"mobile":{"background-color":"var(--ast-global-color-5)","background-image":"","background-repeat":"repeat","background-position":"center center","background-size":"auto","background-attachment":"scroll","background-type":"","background-media":"","overlay-type":"","overlay-color":"","overlay-opacity":"","overlay-gradient":""}},"footnotes":""},"class_list":["post-479","page","type-page","status-publish","hentry"],"_links":{"self":[{"href":"https:\/\/pucapress.com\/index.php?rest_route=\/wp\/v2\/pages\/479","targetHints":{"allow":["GET"]}}],"collection":[{"href":"https:\/\/pucapress.com\/index.php?rest_route=\/wp\/v2\/pages"}],"about":[{"href":"https:\/\/pucapress.com\/index.php?rest_route=\/wp\/v2\/types\/page"}],"author":[{"embeddable":true,"href":"https:\/\/pucapress.com\/index.php?rest_route=\/wp\/v2\/users\/1"}],"replies":[{"embeddable":true,"href":"https:\/\/pucapress.com\/index.php?rest_route=%2Fwp%2Fv2%2Fcomments&post=479"}],"version-history":[{"count":8,"href":"https:\/\/pucapress.com\/index.php?rest_route=\/wp\/v2\/pages\/479\/revisions"}],"predecessor-version":[{"id":750,"href":"https:\/\/pucapress.com\/index.php?rest_route=\/wp\/v2\/pages\/479\/revisions\/750"}],"wp:attachment":[{"href":"https:\/\/pucapress.com\/index.php?rest_route=%2Fwp%2Fv2%2Fmedia&parent=479"}],"curies":[{"name":"wp","href":"https:\/\/api.w.org\/{rel}","templated":true}]}}